{"id":86,"date":"2018-10-09T14:43:12","date_gmt":"2018-10-09T12:43:12","guid":{"rendered":"http:\/\/www.dennerconseils.ch\/?page_id=86"},"modified":"2023-01-10T22:11:51","modified_gmt":"2023-01-10T21:11:51","slug":"creation-dentreprise","status":"publish","type":"page","link":"https:\/\/www.dennerconseils.ch\/index.php\/creation-dentreprise\/","title":{"rendered":"Cr\u00e9ation ou transmission d&rsquo;entreprise"},"content":{"rendered":"\n<p>Avoir une vision claire de votre id\u00e9e ou votre activit\u00e9 est essentielle dans la r\u00e9alisation de celle-ci. C&rsquo;est pour \u00e7a qu&rsquo;un regard ext\u00e9rieur et exp\u00e9riment\u00e9 peut faire toute la diff\u00e9rence dans la viabilit\u00e9 de votre projet. <\/p>\n\n\n\n<p>Nous sommes l\u00e0 pour vous accompagner de l&rsquo;id\u00e9e \u00e0 la concr\u00e9tisation de votre projet. Nous pouvons vous aider pour:<\/p>\n\n\n\n<ul>\n<li>la r\u00e9daction du business plan <\/li>\n\n\n\n<li>la recherche de financement<\/li>\n\n\n\n<li>les d\u00e9marches l\u00e9gales pour vous \u00e9tablir<\/li>\n\n\n\n<li>la planification financi\u00e8re<\/li>\n\n\n\n<li>le juste choix des couvertures sociales<\/li>\n\n\n\n<li>le soutien RH<\/li>\n\n\n\n<li>l&rsquo;\u00e9valuation de votre activit\u00e9<\/li>\n<\/ul>\n\n\n\n<p>Pour enregistrer une soci\u00e9t\u00e9 au registre du commerce Suisse, il est obligatoire d&rsquo;avoir un repr\u00e9sentant domicili\u00e9 en Suisse. Nous pouvons vous proposer un mandat d&rsquo;administrateur pour votre entreprise. <\/p>\n\n\n\n<p>Nous pouvons \u00e9galement vous aider \u00e0 optimiser votre situation si vous \u00eates en raison individuelle afin de ne pas subir une charge fiscale lors de la transmission de votre activit\u00e9. <\/p>\n","protected":false},"excerpt":{"rendered":"<p>Avoir une vision claire de votre id\u00e9e ou votre activit\u00e9 est essentielle dans la r\u00e9alisation de celle-ci. C&rsquo;est pour \u00e7a [&hellip;]<\/p>\n","protected":false},"author":1,"featured_media":50,"parent":0,"menu_order":0,"comment_status":"closed","ping_status":"closed","template":"","meta":{"footnotes":""},"_links":{"self":[{"href":"https:\/\/www.dennerconseils.ch\/index.php\/wp-json\/wp\/v2\/pages\/86"}],"collection":[{"href":"https:\/\/www.dennerconseils.ch\/index.php\/wp-json\/wp\/v2\/pages"}],"about":[{"href":"https:\/\/www.dennerconseils.ch\/index.php\/wp-json\/wp\/v2\/types\/page"}],"author":[{"embeddable":true,"href":"https:\/\/www.dennerconseils.ch\/index.php\/wp-json\/wp\/v2\/users\/1"}],"replies":[{"embeddable":true,"href":"https:\/\/www.dennerconseils.ch\/index.php\/wp-json\/wp\/v2\/comments?post=86"}],"version-history":[{"count":3,"href":"https:\/\/www.dennerconseils.ch\/index.php\/wp-json\/wp\/v2\/pages\/86\/revisions"}],"predecessor-version":[{"id":118,"href":"https:\/\/www.dennerconseils.ch\/index.php\/wp-json\/wp\/v2\/pages\/86\/revisions\/118"}],"wp:featuredmedia":[{"embeddable":true,"href":"https:\/\/www.dennerconseils.ch\/index.php\/wp-json\/wp\/v2\/media\/50"}],"wp:attachment":[{"href":"https:\/\/www.dennerconseils.ch\/index.php\/wp-json\/wp\/v2\/media?parent=86"}],"curies":[{"name":"wp","href":"https:\/\/api.w.org\/{rel}","templated":true}]}}