{"id":105,"date":"2023-01-10T12:13:38","date_gmt":"2023-01-10T11:13:38","guid":{"rendered":"http:\/\/www.dennerconseils.ch\/?page_id=105"},"modified":"2023-01-10T22:25:38","modified_gmt":"2023-01-10T21:25:38","slug":"fiduciaire","status":"publish","type":"page","link":"https:\/\/www.dennerconseils.ch\/index.php\/fiduciaire\/","title":{"rendered":"Fiduciaire"},"content":{"rendered":"\n<p>Votre priorit\u00e9 est l&rsquo;activit\u00e9 principale de votre entreprise et son d\u00e9veloppement. Chaque moment que vous consacrer \u00e0 autre chose, vous ralentissez la croissance de votre entreprise. <\/p>\n\n\n\n<p>Que vous g\u00e9riez votre activit\u00e9 en tant qu&rsquo;ind\u00e9pendant, TPE ou PME, la bonne tenue de votre comptabilit\u00e9 et de vos finances est primordiale \u00e0 la bonne marche de celle-ci. En nous confiant ces t\u00e2ches, vous vous garantissez une gestion sereine de votre entreprise afin de vous concentrer sur le plus important. <\/p>\n\n\n\n<ul>\n<li>D\u00e8s l&rsquo;id\u00e9e dans votre t\u00eate jusqu&rsquo;\u00e0 la fin de votre activit\u00e9 soit par transmission soit par liquidation, vous pourrez compter sur un accompagnement complet de nos experts.<\/li>\n<\/ul>\n\n\n\n<ul>\n<li>Nous mettrons en place avec vous les outils dont vous aurez besoin pour un suivi plus fluide et pertinent afin d&rsquo;\u00e9conomiser votre temps et votre argent. <\/li>\n<\/ul>\n\n\n\n<ul>\n<li>\u00a0Nous vous permettrons un pilotage plus pr\u00e9cis de votre activit\u00e9.<\/li>\n<\/ul>\n","protected":false},"excerpt":{"rendered":"<p>Votre priorit\u00e9 est l&rsquo;activit\u00e9 principale de votre entreprise et son d\u00e9veloppement. Chaque moment que vous consacrer \u00e0 autre chose, vous [&hellip;]<\/p>\n","protected":false},"author":1,"featured_media":61,"parent":0,"menu_order":0,"comment_status":"closed","ping_status":"closed","template":"","meta":{"footnotes":""},"_links":{"self":[{"href":"https:\/\/www.dennerconseils.ch\/index.php\/wp-json\/wp\/v2\/pages\/105"}],"collection":[{"href":"https:\/\/www.dennerconseils.ch\/index.php\/wp-json\/wp\/v2\/pages"}],"about":[{"href":"https:\/\/www.dennerconseils.ch\/index.php\/wp-json\/wp\/v2\/types\/page"}],"author":[{"embeddable":true,"href":"https:\/\/www.dennerconseils.ch\/index.php\/wp-json\/wp\/v2\/users\/1"}],"replies":[{"embeddable":true,"href":"https:\/\/www.dennerconseils.ch\/index.php\/wp-json\/wp\/v2\/comments?post=105"}],"version-history":[{"count":3,"href":"https:\/\/www.dennerconseils.ch\/index.php\/wp-json\/wp\/v2\/pages\/105\/revisions"}],"predecessor-version":[{"id":128,"href":"https:\/\/www.dennerconseils.ch\/index.php\/wp-json\/wp\/v2\/pages\/105\/revisions\/128"}],"wp:featuredmedia":[{"embeddable":true,"href":"https:\/\/www.dennerconseils.ch\/index.php\/wp-json\/wp\/v2\/media\/61"}],"wp:attachment":[{"href":"https:\/\/www.dennerconseils.ch\/index.php\/wp-json\/wp\/v2\/media?parent=105"}],"curies":[{"name":"wp","href":"https:\/\/api.w.org\/{rel}","templated":true}]}}