{"id":108,"date":"2023-01-10T12:26:40","date_gmt":"2023-01-10T11:26:40","guid":{"rendered":"http:\/\/www.dennerconseils.ch\/?page_id=108"},"modified":"2023-01-10T22:15:36","modified_gmt":"2023-01-10T21:15:36","slug":"impots-et-fiscalite","status":"publish","type":"page","link":"http:\/\/www.dennerconseils.ch\/index.php\/impots-et-fiscalite\/","title":{"rendered":"Imp\u00f4ts et fiscalit\u00e9"},"content":{"rendered":"\n<p>Payez des imp\u00f4ts est un acte solidaire et n\u00e9cessaire. Mais pourquoi en payer plus qu&rsquo;il n&rsquo;en faut ? Nous pouvons vous aider \u00e0 faire valoir les d\u00e9ductions auxquelles vous avez le droit et b\u00e9n\u00e9ficier du bon taux de taxation. <\/p>\n\n\n\n<p>Que vous soyez une personne physique ou morale, il existe des pi\u00e8ges \u00e0 \u00e9viter. Nos experts sont rod\u00e9s pour vous renseigner et vous accompagner dans ces d\u00e9marches pour optimiser votre situation.<\/p>\n\n\n\n<p>Pour les entreprises, nous vous invitons \u00e0 prendre contact directement avec nous afin de mieux cerner vos besoins. <\/p>\n\n\n\n<p>Pour les particuliers, nous avons mis en place le site de renseignement <a rel=\"noreferrer noopener\" aria-label=\" (s\u2019ouvre dans un nouvel onglet)\" href=\"http:\/\/www.madeclarationdimpots.ch\" target=\"_blank\">http:\/\/www.madeclarationdimpots.ch<\/a>. Vous y trouverez toutes les informations utiles et les tarifications. Pensez \u00e0 nous contacter pour votre d\u00e9claration d&rsquo;imp\u00f4ts.<\/p>\n","protected":false},"excerpt":{"rendered":"<p>Payez des imp\u00f4ts est un acte solidaire et n\u00e9cessaire. Mais pourquoi en payer plus qu&rsquo;il n&rsquo;en faut ? Nous pouvons [&hellip;]<\/p>\n","protected":false},"author":1,"featured_media":58,"parent":0,"menu_order":0,"comment_status":"closed","ping_status":"closed","template":"","meta":{"footnotes":""},"_links":{"self":[{"href":"http:\/\/www.dennerconseils.ch\/index.php\/wp-json\/wp\/v2\/pages\/108"}],"collection":[{"href":"http:\/\/www.dennerconseils.ch\/index.php\/wp-json\/wp\/v2\/pages"}],"about":[{"href":"http:\/\/www.dennerconseils.ch\/index.php\/wp-json\/wp\/v2\/types\/page"}],"author":[{"embeddable":true,"href":"http:\/\/www.dennerconseils.ch\/index.php\/wp-json\/wp\/v2\/users\/1"}],"replies":[{"embeddable":true,"href":"http:\/\/www.dennerconseils.ch\/index.php\/wp-json\/wp\/v2\/comments?post=108"}],"version-history":[{"count":2,"href":"http:\/\/www.dennerconseils.ch\/index.php\/wp-json\/wp\/v2\/pages\/108\/revisions"}],"predecessor-version":[{"id":121,"href":"http:\/\/www.dennerconseils.ch\/index.php\/wp-json\/wp\/v2\/pages\/108\/revisions\/121"}],"wp:featuredmedia":[{"embeddable":true,"href":"http:\/\/www.dennerconseils.ch\/index.php\/wp-json\/wp\/v2\/media\/58"}],"wp:attachment":[{"href":"http:\/\/www.dennerconseils.ch\/index.php\/wp-json\/wp\/v2\/media?parent=108"}],"curies":[{"name":"wp","href":"https:\/\/api.w.org\/{rel}","templated":true}]}}